{"id":6,"date":"2023-03-11T18:11:22","date_gmt":"2023-03-11T17:11:22","guid":{"rendered":"http:\/\/www.archimage3d.com\/?page_id=6"},"modified":"2026-01-01T17:37:45","modified_gmt":"2026-01-01T16:37:45","slug":"beaux-portfolios-pour-des-creatifs-exceptionnels","status":"publish","type":"page","link":"https:\/\/www.archimage3d.com\/","title":{"rendered":"Images . Films . R\u00e9alit\u00e9 Virtuelle . Projets Interactifs"},"content":{"rendered":"\n<div class=\"wp-block-group alignwide has-background is-layout-flow wp-block-group-is-layout-flow\" style=\"background-color:#e5e9ec\">\n<div class=\"wp-block-columns is-layout-flex wp-container-core-columns-is-layout-28f84493 wp-block-columns-is-layout-flex\">\n<div class=\"wp-block-column is-vertically-aligned-center is-layout-flow wp-block-column-is-layout-flow\">\n<h2 class=\"wp-block-heading\">A propos<\/h2>\n\n\n\n<p>Infographiste 3D Ind\u00e9pendant depuis 2017. J&rsquo;ai \u00e0 c\u0153ur de fournir un travail pr\u00e9cis et de qualit\u00e9. En combinant ma formation aux contraintes du jeu-vid\u00e9o gr\u00e2ce \u00e0 un DU sp\u00e9cialis\u00e9 et mon int\u00e9r\u00eat pour l&rsquo;Architecture en g\u00e9n\u00e9ral, je suis \u00e0 m\u00eame de b\u00e2tir des projets exigeants et interactifs, permettant \u00e0 mes clients de se projeter et valider les bonnes d\u00e9cisions.<\/p>\n\n\n\n<p>Toujours en veille technologique, je n&rsquo;h\u00e9site pas \u00e0 investiguer de nouvelles m\u00e9thodes et de nouveaux logiciels pour apporter un travail efficient et d&rsquo;actualit\u00e9.<\/p>\n\n\n\n<p><\/p>\n<\/div>\n\n\n\n<div class=\"wp-block-column is-vertically-aligned-center is-layout-flow wp-block-column-is-layout-flow\">\n<div style=\"height:48px\" aria-hidden=\"true\" class=\"wp-block-spacer\"><\/div>\n\n\n\n<figure class=\"wp-block-embed is-type-video is-provider-vimeo wp-block-embed-vimeo wp-embed-aspect-16-9 wp-has-aspect-ratio\"><div class=\"wp-block-embed__wrapper\">\n<iframe loading=\"lazy\" title=\"Archimage 3D - Giruliai\" src=\"https:\/\/player.vimeo.com\/video\/794433207?dnt=1&amp;app_id=122963\" width=\"950\" height=\"534\" frameborder=\"0\" allow=\"autoplay; fullscreen; picture-in-picture; clipboard-write; encrypted-media; web-share\" referrerpolicy=\"strict-origin-when-cross-origin\"><\/iframe>\n<\/div><\/figure>\n<\/div>\n<\/div>\n<\/div>\n\n\n\n<div class=\"wp-block-group alignwide is-layout-flow wp-block-group-is-layout-flow\">\n<div class=\"wp-block-columns are-vertically-aligned-center is-layout-flex wp-container-core-columns-is-layout-28f84493 wp-block-columns-is-layout-flex\">\n<div class=\"wp-block-column is-vertically-aligned-center is-layout-flow wp-block-column-is-layout-flow\">\n<div style=\"height:48px\" aria-hidden=\"true\" class=\"wp-block-spacer\"><\/div>\n\n\n\n<figure class=\"wp-block-embed aligncenter is-type-video is-provider-vimeo wp-block-embed-vimeo wp-embed-aspect-18-9 wp-has-aspect-ratio\"><div class=\"wp-block-embed__wrapper\">\n<iframe loading=\"lazy\" title=\"Archimage 3D - Seehof\" src=\"https:\/\/player.vimeo.com\/video\/467399956?dnt=1&amp;app_id=122963\" width=\"950\" height=\"475\" frameborder=\"0\" allow=\"autoplay; fullscreen; picture-in-picture; clipboard-write; encrypted-media; web-share\" referrerpolicy=\"strict-origin-when-cross-origin\"><\/iframe>\n<\/div><\/figure>\n<\/div>\n\n\n\n<div class=\"wp-block-column is-vertically-aligned-center is-layout-flow wp-block-column-is-layout-flow\">\n<h2 class=\"wp-block-heading\">Mes services<\/h2>\n\n\n\n<ul class=\"wp-block-list\">\n<li>Perspectives (images)<\/li>\n\n\n\n<li>Films<\/li>\n\n\n\n<li>Projets en R\u00e9alit\u00e9 Virtuelle<\/li>\n\n\n\n<li>Projets interactifs, parcourables par le client sur ordinateur \/ tablette \/ smartphone.<\/li>\n<\/ul>\n\n\n\n<div class=\"wp-block-buttons is-layout-flex wp-block-buttons-is-layout-flex\"><\/div>\n<\/div>\n<\/div>\n<\/div>\n\n\n\n<div style=\"height:100px\" aria-hidden=\"true\" class=\"wp-block-spacer\"><\/div>\n\n\n\n<div class=\"wp-block-group alignwide has-black-background-color has-background is-layout-flow wp-block-group-is-layout-flow\">\n<h2 class=\"wp-block-heading has-text-align-center has-white-color has-text-color\"><strong>Galerie<\/strong><\/h2>\n\n\n\n<figure class=\"wp-block-gallery aligncenter has-nested-images columns-default is-cropped wp-block-gallery-1 is-layout-flex wp-block-gallery-is-layout-flex\">\n<figure data-wp-context=\"{&quot;imageId&quot;:&quot;69e359db91a0c&quot;}\" data-wp-interactive=\"core\/image\" data-wp-key=\"69e359db91a0c\" class=\"wp-block-image size-large wp-lightbox-container\"><img loading=\"lazy\" decoding=\"async\" width=\"1024\" height=\"576\" data-wp-class--hide=\"state.isContentHidden\" data-wp-class--show=\"state.isContentVisible\" data-wp-init=\"callbacks.setButtonStyles\" data-wp-on--click=\"actions.showLightbox\" data-wp-on--load=\"callbacks.setButtonStyles\" data-wp-on-window--resize=\"callbacks.setButtonStyles\" data-id=\"29\" src=\"https:\/\/www.archimage3d.com\/wp-content\/uploads\/2023\/03\/Giruliai__18-Photo-1024x576.jpg\" alt=\"\" class=\"wp-image-29\" srcset=\"https:\/\/www.archimage3d.com\/wp-content\/uploads\/2023\/03\/Giruliai__18-Photo-1024x576.jpg 1024w, https:\/\/www.archimage3d.com\/wp-content\/uploads\/2023\/03\/Giruliai__18-Photo-300x169.jpg 300w, https:\/\/www.archimage3d.com\/wp-content\/uploads\/2023\/03\/Giruliai__18-Photo-768x432.jpg 768w, https:\/\/www.archimage3d.com\/wp-content\/uploads\/2023\/03\/Giruliai__18-Photo-1536x864.jpg 1536w, https:\/\/www.archimage3d.com\/wp-content\/uploads\/2023\/03\/Giruliai__18-Photo.jpg 1920w\" sizes=\"auto, (max-width: 1024px) 100vw, 1024px\" \/><button\n\t\t\tclass=\"lightbox-trigger\"\n\t\t\ttype=\"button\"\n\t\t\taria-haspopup=\"dialog\"\n\t\t\taria-label=\"Agrandir\"\n\t\t\tdata-wp-init=\"callbacks.initTriggerButton\"\n\t\t\tdata-wp-on--click=\"actions.showLightbox\"\n\t\t\tdata-wp-style--right=\"state.imageButtonRight\"\n\t\t\tdata-wp-style--top=\"state.imageButtonTop\"\n\t\t>\n\t\t\t<svg xmlns=\"http:\/\/www.w3.org\/2000\/svg\" width=\"12\" height=\"12\" fill=\"none\" viewBox=\"0 0 12 12\">\n\t\t\t\t<path fill=\"#fff\" d=\"M2 0a2 2 0 0 0-2 2v2h1.5V2a.5.5 0 0 1 .5-.5h2V0H2Zm2 10.5H2a.5.5 0 0 1-.5-.5V8H0v2a2 2 0 0 0 2 2h2v-1.5ZM8 12v-1.5h2a.5.5 0 0 0 .5-.5V8H12v2a2 2 0 0 1-2 2H8Zm2-12a2 2 0 0 1 2 2v2h-1.5V2a.5.5 0 0 0-.5-.5H8V0h2Z\" \/>\n\t\t\t<\/svg>\n\t\t<\/button><\/figure>\n\n\n\n<figure data-wp-context=\"{&quot;imageId&quot;:&quot;69e359db9209d&quot;}\" data-wp-interactive=\"core\/image\" data-wp-key=\"69e359db9209d\" class=\"wp-block-image size-large wp-lightbox-container\"><img loading=\"lazy\" decoding=\"async\" width=\"1024\" height=\"369\" data-wp-class--hide=\"state.isContentHidden\" data-wp-class--show=\"state.isContentVisible\" data-wp-init=\"callbacks.setButtonStyles\" data-wp-on--click=\"actions.showLightbox\" data-wp-on--load=\"callbacks.setButtonStyles\" data-wp-on-window--resize=\"callbacks.setButtonStyles\" data-id=\"30\" src=\"https:\/\/www.archimage3d.com\/wp-content\/uploads\/2023\/03\/Image3_AR-1024x369.png\" alt=\"\" class=\"wp-image-30\" srcset=\"https:\/\/www.archimage3d.com\/wp-content\/uploads\/2023\/03\/Image3_AR-1024x369.png 1024w, https:\/\/www.archimage3d.com\/wp-content\/uploads\/2023\/03\/Image3_AR-300x108.png 300w, https:\/\/www.archimage3d.com\/wp-content\/uploads\/2023\/03\/Image3_AR-768x276.png 768w, https:\/\/www.archimage3d.com\/wp-content\/uploads\/2023\/03\/Image3_AR-1536x553.png 1536w, https:\/\/www.archimage3d.com\/wp-content\/uploads\/2023\/03\/Image3_AR-2048x737.png 2048w, https:\/\/www.archimage3d.com\/wp-content\/uploads\/2023\/03\/Image3_AR-2000x720.png 2000w\" sizes=\"auto, (max-width: 1024px) 100vw, 1024px\" \/><button\n\t\t\tclass=\"lightbox-trigger\"\n\t\t\ttype=\"button\"\n\t\t\taria-haspopup=\"dialog\"\n\t\t\taria-label=\"Agrandir\"\n\t\t\tdata-wp-init=\"callbacks.initTriggerButton\"\n\t\t\tdata-wp-on--click=\"actions.showLightbox\"\n\t\t\tdata-wp-style--right=\"state.imageButtonRight\"\n\t\t\tdata-wp-style--top=\"state.imageButtonTop\"\n\t\t>\n\t\t\t<svg xmlns=\"http:\/\/www.w3.org\/2000\/svg\" width=\"12\" height=\"12\" fill=\"none\" viewBox=\"0 0 12 12\">\n\t\t\t\t<path fill=\"#fff\" d=\"M2 0a2 2 0 0 0-2 2v2h1.5V2a.5.5 0 0 1 .5-.5h2V0H2Zm2 10.5H2a.5.5 0 0 1-.5-.5V8H0v2a2 2 0 0 0 2 2h2v-1.5ZM8 12v-1.5h2a.5.5 0 0 0 .5-.5V8H12v2a2 2 0 0 1-2 2H8Zm2-12a2 2 0 0 1 2 2v2h-1.5V2a.5.5 0 0 0-.5-.5H8V0h2Z\" \/>\n\t\t\t<\/svg>\n\t\t<\/button><\/figure>\n\n\n\n<figure data-wp-context=\"{&quot;imageId&quot;:&quot;69e359db92767&quot;}\" data-wp-interactive=\"core\/image\" data-wp-key=\"69e359db92767\" class=\"wp-block-image size-large wp-lightbox-container\"><img loading=\"lazy\" decoding=\"async\" width=\"1024\" height=\"432\" data-wp-class--hide=\"state.isContentHidden\" data-wp-class--show=\"state.isContentVisible\" data-wp-init=\"callbacks.setButtonStyles\" data-wp-on--click=\"actions.showLightbox\" data-wp-on--load=\"callbacks.setButtonStyles\" data-wp-on-window--resize=\"callbacks.setButtonStyles\" data-id=\"38\" src=\"https:\/\/www.archimage3d.com\/wp-content\/uploads\/2023\/03\/Image6_000-1024x432.png\" alt=\"\" class=\"wp-image-38\" srcset=\"https:\/\/www.archimage3d.com\/wp-content\/uploads\/2023\/03\/Image6_000-1024x432.png 1024w, https:\/\/www.archimage3d.com\/wp-content\/uploads\/2023\/03\/Image6_000-300x127.png 300w, https:\/\/www.archimage3d.com\/wp-content\/uploads\/2023\/03\/Image6_000-768x324.png 768w, https:\/\/www.archimage3d.com\/wp-content\/uploads\/2023\/03\/Image6_000-1536x648.png 1536w, https:\/\/www.archimage3d.com\/wp-content\/uploads\/2023\/03\/Image6_000-2048x864.png 2048w, https:\/\/www.archimage3d.com\/wp-content\/uploads\/2023\/03\/Image6_000-2000x844.png 2000w\" sizes=\"auto, (max-width: 1024px) 100vw, 1024px\" \/><button\n\t\t\tclass=\"lightbox-trigger\"\n\t\t\ttype=\"button\"\n\t\t\taria-haspopup=\"dialog\"\n\t\t\taria-label=\"Agrandir\"\n\t\t\tdata-wp-init=\"callbacks.initTriggerButton\"\n\t\t\tdata-wp-on--click=\"actions.showLightbox\"\n\t\t\tdata-wp-style--right=\"state.imageButtonRight\"\n\t\t\tdata-wp-style--top=\"state.imageButtonTop\"\n\t\t>\n\t\t\t<svg xmlns=\"http:\/\/www.w3.org\/2000\/svg\" width=\"12\" height=\"12\" fill=\"none\" viewBox=\"0 0 12 12\">\n\t\t\t\t<path fill=\"#fff\" d=\"M2 0a2 2 0 0 0-2 2v2h1.5V2a.5.5 0 0 1 .5-.5h2V0H2Zm2 10.5H2a.5.5 0 0 1-.5-.5V8H0v2a2 2 0 0 0 2 2h2v-1.5ZM8 12v-1.5h2a.5.5 0 0 0 .5-.5V8H12v2a2 2 0 0 1-2 2H8Zm2-12a2 2 0 0 1 2 2v2h-1.5V2a.5.5 0 0 0-.5-.5H8V0h2Z\" \/>\n\t\t\t<\/svg>\n\t\t<\/button><\/figure>\n\n\n\n<figure data-wp-context=\"{&quot;imageId&quot;:&quot;69e359db92c28&quot;}\" data-wp-interactive=\"core\/image\" data-wp-key=\"69e359db92c28\" class=\"wp-block-image size-large wp-lightbox-container\"><img loading=\"lazy\" decoding=\"async\" width=\"1024\" height=\"461\" data-wp-class--hide=\"state.isContentHidden\" data-wp-class--show=\"state.isContentVisible\" data-wp-init=\"callbacks.setButtonStyles\" data-wp-on--click=\"actions.showLightbox\" data-wp-on--load=\"callbacks.setButtonStyles\" data-wp-on-window--resize=\"callbacks.setButtonStyles\" data-id=\"32\" src=\"https:\/\/www.archimage3d.com\/wp-content\/uploads\/2023\/03\/Thermes_F-1024x461.png\" alt=\"\" class=\"wp-image-32\" srcset=\"https:\/\/www.archimage3d.com\/wp-content\/uploads\/2023\/03\/Thermes_F-1024x461.png 1024w, https:\/\/www.archimage3d.com\/wp-content\/uploads\/2023\/03\/Thermes_F-300x135.png 300w, https:\/\/www.archimage3d.com\/wp-content\/uploads\/2023\/03\/Thermes_F-768x346.png 768w, https:\/\/www.archimage3d.com\/wp-content\/uploads\/2023\/03\/Thermes_F-1536x691.png 1536w, https:\/\/www.archimage3d.com\/wp-content\/uploads\/2023\/03\/Thermes_F-2048x922.png 2048w, https:\/\/www.archimage3d.com\/wp-content\/uploads\/2023\/03\/Thermes_F-2000x900.png 2000w\" sizes=\"auto, (max-width: 1024px) 100vw, 1024px\" \/><button\n\t\t\tclass=\"lightbox-trigger\"\n\t\t\ttype=\"button\"\n\t\t\taria-haspopup=\"dialog\"\n\t\t\taria-label=\"Agrandir\"\n\t\t\tdata-wp-init=\"callbacks.initTriggerButton\"\n\t\t\tdata-wp-on--click=\"actions.showLightbox\"\n\t\t\tdata-wp-style--right=\"state.imageButtonRight\"\n\t\t\tdata-wp-style--top=\"state.imageButtonTop\"\n\t\t>\n\t\t\t<svg xmlns=\"http:\/\/www.w3.org\/2000\/svg\" width=\"12\" height=\"12\" fill=\"none\" viewBox=\"0 0 12 12\">\n\t\t\t\t<path fill=\"#fff\" d=\"M2 0a2 2 0 0 0-2 2v2h1.5V2a.5.5 0 0 1 .5-.5h2V0H2Zm2 10.5H2a.5.5 0 0 1-.5-.5V8H0v2a2 2 0 0 0 2 2h2v-1.5ZM8 12v-1.5h2a.5.5 0 0 0 .5-.5V8H12v2a2 2 0 0 1-2 2H8Zm2-12a2 2 0 0 1 2 2v2h-1.5V2a.5.5 0 0 0-.5-.5H8V0h2Z\" \/>\n\t\t\t<\/svg>\n\t\t<\/button><\/figure>\n\n\n\n<figure data-wp-context=\"{&quot;imageId&quot;:&quot;69e359db930c0&quot;}\" data-wp-interactive=\"core\/image\" data-wp-key=\"69e359db930c0\" class=\"wp-block-image size-large wp-lightbox-container\"><img loading=\"lazy\" decoding=\"async\" width=\"1024\" height=\"576\" data-wp-class--hide=\"state.isContentHidden\" data-wp-class--show=\"state.isContentVisible\" data-wp-init=\"callbacks.setButtonStyles\" data-wp-on--click=\"actions.showLightbox\" data-wp-on--load=\"callbacks.setButtonStyles\" data-wp-on-window--resize=\"callbacks.setButtonStyles\" data-id=\"33\" src=\"https:\/\/www.archimage3d.com\/wp-content\/uploads\/2023\/03\/BLACK_House_F_03-1024x576.png\" alt=\"\" class=\"wp-image-33\" srcset=\"https:\/\/www.archimage3d.com\/wp-content\/uploads\/2023\/03\/BLACK_House_F_03-1024x576.png 1024w, https:\/\/www.archimage3d.com\/wp-content\/uploads\/2023\/03\/BLACK_House_F_03-300x169.png 300w, https:\/\/www.archimage3d.com\/wp-content\/uploads\/2023\/03\/BLACK_House_F_03-768x432.png 768w, https:\/\/www.archimage3d.com\/wp-content\/uploads\/2023\/03\/BLACK_House_F_03-1536x864.png 1536w, https:\/\/www.archimage3d.com\/wp-content\/uploads\/2023\/03\/BLACK_House_F_03-2048x1152.png 2048w, https:\/\/www.archimage3d.com\/wp-content\/uploads\/2023\/03\/BLACK_House_F_03-2000x1125.png 2000w\" sizes=\"auto, (max-width: 1024px) 100vw, 1024px\" \/><button\n\t\t\tclass=\"lightbox-trigger\"\n\t\t\ttype=\"button\"\n\t\t\taria-haspopup=\"dialog\"\n\t\t\taria-label=\"Agrandir\"\n\t\t\tdata-wp-init=\"callbacks.initTriggerButton\"\n\t\t\tdata-wp-on--click=\"actions.showLightbox\"\n\t\t\tdata-wp-style--right=\"state.imageButtonRight\"\n\t\t\tdata-wp-style--top=\"state.imageButtonTop\"\n\t\t>\n\t\t\t<svg xmlns=\"http:\/\/www.w3.org\/2000\/svg\" width=\"12\" height=\"12\" fill=\"none\" viewBox=\"0 0 12 12\">\n\t\t\t\t<path fill=\"#fff\" d=\"M2 0a2 2 0 0 0-2 2v2h1.5V2a.5.5 0 0 1 .5-.5h2V0H2Zm2 10.5H2a.5.5 0 0 1-.5-.5V8H0v2a2 2 0 0 0 2 2h2v-1.5ZM8 12v-1.5h2a.5.5 0 0 0 .5-.5V8H12v2a2 2 0 0 1-2 2H8Zm2-12a2 2 0 0 1 2 2v2h-1.5V2a.5.5 0 0 0-.5-.5H8V0h2Z\" \/>\n\t\t\t<\/svg>\n\t\t<\/button><\/figure>\n\n\n\n<figure data-wp-context=\"{&quot;imageId&quot;:&quot;69e359db934f2&quot;}\" data-wp-interactive=\"core\/image\" data-wp-key=\"69e359db934f2\" class=\"wp-block-image size-large wp-lightbox-container\"><img loading=\"lazy\" decoding=\"async\" width=\"1024\" height=\"512\" data-wp-class--hide=\"state.isContentHidden\" data-wp-class--show=\"state.isContentVisible\" data-wp-init=\"callbacks.setButtonStyles\" data-wp-on--click=\"actions.showLightbox\" data-wp-on--load=\"callbacks.setButtonStyles\" data-wp-on-window--resize=\"callbacks.setButtonStyles\" data-id=\"36\" src=\"https:\/\/www.archimage3d.com\/wp-content\/uploads\/2023\/03\/06_Salon_bis-1024x512.png\" alt=\"\" class=\"wp-image-36\" srcset=\"https:\/\/www.archimage3d.com\/wp-content\/uploads\/2023\/03\/06_Salon_bis-1024x512.png 1024w, https:\/\/www.archimage3d.com\/wp-content\/uploads\/2023\/03\/06_Salon_bis-300x150.png 300w, https:\/\/www.archimage3d.com\/wp-content\/uploads\/2023\/03\/06_Salon_bis-768x384.png 768w, https:\/\/www.archimage3d.com\/wp-content\/uploads\/2023\/03\/06_Salon_bis-1536x768.png 1536w, https:\/\/www.archimage3d.com\/wp-content\/uploads\/2023\/03\/06_Salon_bis-2048x1024.png 2048w, https:\/\/www.archimage3d.com\/wp-content\/uploads\/2023\/03\/06_Salon_bis-2000x1000.png 2000w\" sizes=\"auto, (max-width: 1024px) 100vw, 1024px\" \/><button\n\t\t\tclass=\"lightbox-trigger\"\n\t\t\ttype=\"button\"\n\t\t\taria-haspopup=\"dialog\"\n\t\t\taria-label=\"Agrandir\"\n\t\t\tdata-wp-init=\"callbacks.initTriggerButton\"\n\t\t\tdata-wp-on--click=\"actions.showLightbox\"\n\t\t\tdata-wp-style--right=\"state.imageButtonRight\"\n\t\t\tdata-wp-style--top=\"state.imageButtonTop\"\n\t\t>\n\t\t\t<svg xmlns=\"http:\/\/www.w3.org\/2000\/svg\" width=\"12\" height=\"12\" fill=\"none\" viewBox=\"0 0 12 12\">\n\t\t\t\t<path fill=\"#fff\" d=\"M2 0a2 2 0 0 0-2 2v2h1.5V2a.5.5 0 0 1 .5-.5h2V0H2Zm2 10.5H2a.5.5 0 0 1-.5-.5V8H0v2a2 2 0 0 0 2 2h2v-1.5ZM8 12v-1.5h2a.5.5 0 0 0 .5-.5V8H12v2a2 2 0 0 1-2 2H8Zm2-12a2 2 0 0 1 2 2v2h-1.5V2a.5.5 0 0 0-.5-.5H8V0h2Z\" \/>\n\t\t\t<\/svg>\n\t\t<\/button><\/figure>\n<\/figure>\n<\/div>\n\n\n\n<div class=\"wp-block-cover alignfull is-light has-parallax is-position-center-center\" style=\"min-height:375px;aspect-ratio:unset;\"><div class=\"wp-block-cover__image-background wp-image-15 has-parallax\" style=\"background-position:50% 50%;background-image:url(https:\/\/www.archimage3d.com\/wp-content\/uploads\/2023\/03\/cropped-BLACK_House_F_02.png)\"><\/div><span aria-hidden=\"true\" class=\"wp-block-cover__background has-black-background-color has-background-dim-40 has-background-dim\"><\/span><div class=\"wp-block-cover__inner-container is-layout-flow wp-block-cover-is-layout-flow\">\n<p><\/p>\n\n\n\n<p class=\"has-text-align-center has-text-color\" style=\"color:#fffffa;font-size:clamp(38.682px, 2.418rem + ((1vw - 3.2px) * 2.948), 72px);line-height:1.1\"><strong>Archimage3D<\/strong><\/p>\n\n\n\n<p class=\"has-text-align-center has-white-color has-text-color has-medium-font-size\">La 3D au service de l&rsquo;Architecture<\/p>\n\n\n\n<div style=\"height:39px\" aria-hidden=\"true\" class=\"wp-block-spacer\"><\/div>\n\n\n\n<div class=\"wp-block-buttons is-horizontal is-content-justification-center is-layout-flex wp-container-core-buttons-is-layout-03627597 wp-block-buttons-is-layout-flex\"><\/div>\n<\/div><\/div>\n\n\n\n<div style=\"height:100px\" aria-hidden=\"true\" class=\"wp-block-spacer\"><\/div>\n","protected":false},"excerpt":{"rendered":"<p>A propos Infographiste 3D Ind\u00e9pendant depuis 2017. J&rsquo;ai \u00e0 c\u0153ur de fournir un travail pr\u00e9cis et de qualit\u00e9. En combinant ma formation aux contraintes du jeu-vid\u00e9o gr\u00e2ce \u00e0 un DU sp\u00e9cialis\u00e9 et mon int\u00e9r\u00eat pour l&rsquo;Architecture en g\u00e9n\u00e9ral, je suis \u00e0 m\u00eame de b\u00e2tir des projets exigeants et interactifs, permettant \u00e0 mes clients de se &hellip; <\/p>\n<p class=\"link-more\"><a href=\"https:\/\/www.archimage3d.com\/\" class=\"more-link\">Lire la suite de<span class=\"screen-reader-text\">\u00ab\u00a0Images . Films . R\u00e9alit\u00e9 Virtuelle . Projets Interactifs\u00a0\u00bb<\/span><\/a><\/p>\n","protected":false},"author":1,"featured_media":13,"parent":0,"menu_order":0,"comment_status":"closed","ping_status":"closed","template":"","meta":{"footnotes":""},"class_list":["post-6","page","type-page","status-publish","has-post-thumbnail","hentry"],"_links":{"self":[{"href":"https:\/\/www.archimage3d.com\/index.php\/wp-json\/wp\/v2\/pages\/6","targetHints":{"allow":["GET"]}}],"collection":[{"href":"https:\/\/www.archimage3d.com\/index.php\/wp-json\/wp\/v2\/pages"}],"about":[{"href":"https:\/\/www.archimage3d.com\/index.php\/wp-json\/wp\/v2\/types\/page"}],"author":[{"embeddable":true,"href":"https:\/\/www.archimage3d.com\/index.php\/wp-json\/wp\/v2\/users\/1"}],"replies":[{"embeddable":true,"href":"https:\/\/www.archimage3d.com\/index.php\/wp-json\/wp\/v2\/comments?post=6"}],"version-history":[{"count":35,"href":"https:\/\/www.archimage3d.com\/index.php\/wp-json\/wp\/v2\/pages\/6\/revisions"}],"predecessor-version":[{"id":166,"href":"https:\/\/www.archimage3d.com\/index.php\/wp-json\/wp\/v2\/pages\/6\/revisions\/166"}],"wp:featuredmedia":[{"embeddable":true,"href":"https:\/\/www.archimage3d.com\/index.php\/wp-json\/wp\/v2\/media\/13"}],"wp:attachment":[{"href":"https:\/\/www.archimage3d.com\/index.php\/wp-json\/wp\/v2\/media?parent=6"}],"curies":[{"name":"wp","href":"https:\/\/api.w.org\/{rel}","templated":true}]}}