{"id":7,"date":"2023-03-11T18:11:22","date_gmt":"2023-03-11T17:11:22","guid":{"rendered":"http:\/\/www.archimage3d.com\/?page_id=7"},"modified":"2024-05-02T16:26:50","modified_gmt":"2024-05-02T14:26:50","slug":"about","status":"publish","type":"page","link":"https:\/\/www.archimage3d.com\/index.php\/about\/","title":{"rendered":"D\u00e9tails"},"content":{"rendered":"\n<div class=\"twinmotion-embed-wrapper\">\r\n  <iframe style=\"height: 100%; width: 100%; min-height: 600px; min-width: 375px;\"\r\n    title=\"Embedded presentation 'Archimage3D CrestView'\" frameborder=\"0\"\r\n    allow=\"fullscreen; accelerometer; magnetometer; execution-while-out-of-viewport; execution-while-not-rendered;\"\r\n    allowfullscreen mozallowfullscreen=\"true\" webkitallowfullscreen=\"true\"\r\n    src=\"https:\/\/twinmotion.unrealengine.com\/presentation\/FOgu6XzQDZurYAOv?embed\"\r\n  >\r\n  <\/iframe>\r\n <\/div>\n\n\n\n<ul class=\"wp-block-list\">\n<li><strong>Vous pouvez bouger la vue avec le clic gauche souris (ou via toucher tactile sur tablette \/ smartphone).<\/strong><\/li>\n\n\n\n<li><strong>Vous pouvez parcourir diff\u00e9rentes vignettes via le panneau de droite.<\/strong><\/li>\n\n\n\n<li><strong>Vous pouvez r\u00e9gler l&rsquo;heure et donc la p\u00e9riode de la journ\u00e9e dans les pr\u00e9f\u00e9rences.<\/strong><\/li>\n\n\n\n<li><strong>Vous pouvez mettre en plein \u00e9cran avec le 2\u00e8me bouton en haut \u00e0 droite.<\/strong><\/li>\n<\/ul>\n\n\n\n<div style=\"height:90px\" aria-hidden=\"true\" class=\"wp-block-spacer\"><\/div>\n\n\n\n<h1 class=\"wp-block-heading alignfull has-text-align-center has-black-color has-text-color\" style=\"font-size:clamp(20px, 1.25rem + ((1vw - 3.2px) * 1.062), 32px);\"><strong>Tout est disponible pour satisfaire chaque client<\/strong>.<\/h1>\n\n\n\n<div style=\"height:40px\" aria-hidden=\"true\" class=\"wp-block-spacer\"><\/div>\n\n\n\n<div class=\"wp-block-columns alignwide are-vertically-aligned-top has-white-background-color has-background is-layout-flex wp-container-core-columns-is-layout-28f84493 wp-block-columns-is-layout-flex\">\n<div class=\"wp-block-column is-vertically-aligned-top is-layout-flow wp-block-column-is-layout-flow\">\n<figure class=\"wp-block-image size-large is-style-default\"><img loading=\"lazy\" decoding=\"async\" width=\"1024\" height=\"432\" src=\"https:\/\/www.archimage3d.com\/wp-content\/uploads\/2023\/03\/Image6_000-1-1024x432.png\" alt=\"\" class=\"wp-image-98\" srcset=\"https:\/\/www.archimage3d.com\/wp-content\/uploads\/2023\/03\/Image6_000-1-1024x432.png 1024w, https:\/\/www.archimage3d.com\/wp-content\/uploads\/2023\/03\/Image6_000-1-300x127.png 300w, https:\/\/www.archimage3d.com\/wp-content\/uploads\/2023\/03\/Image6_000-1-768x324.png 768w, https:\/\/www.archimage3d.com\/wp-content\/uploads\/2023\/03\/Image6_000-1-1536x648.png 1536w, https:\/\/www.archimage3d.com\/wp-content\/uploads\/2023\/03\/Image6_000-1-2048x864.png 2048w, https:\/\/www.archimage3d.com\/wp-content\/uploads\/2023\/03\/Image6_000-1-2000x844.png 2000w\" sizes=\"auto, (max-width: 1024px) 100vw, 1024px\" \/><\/figure>\n\n\n\n<p class=\"has-text-align-center has-black-color has-text-color has-medium-font-size\">Services<\/p>\n\n\n\n<p class=\"has-text-align-left has-black-color has-text-color\">Que ce soit pour des images ou des pr\u00e9sentations interactives en passant par la r\u00e9alit\u00e9 virtuelle. Toute la panoplie de mediums est disponible pour satisfaire chaque client. Possibilit\u00e9 d&rsquo;explorer en VR votre projet avec les Casques comme le HTC Vive.<\/p>\n\n\n\n<p class=\"has-text-align-left has-black-color has-text-color\">Les sc\u00e8nes hors VR peuvent \u00eatre parcourues sur votre Ordinateur, Tablette et m\u00eame Smartphone. Je peux vous transmettre le projet sous forme de lien internet qui vous d\u00e9chargera de toute contrainte technique. Ceci vous permettra alors de partager ce lien, si vous le souhaitez, avec vos clients en tant qu&rsquo;architecte par exemple. Ils pourront ainsi d&rsquo;eux-m\u00eames explorer leur futur villa.<\/p>\n<\/div>\n<\/div>\n\n\n\n<div style=\"height:40px\" aria-hidden=\"true\" class=\"wp-block-spacer\"><\/div>\n\n\n\n<div class=\"wp-block-columns alignwide are-vertically-aligned-top has-white-background-color has-background is-layout-flex wp-container-core-columns-is-layout-28f84493 wp-block-columns-is-layout-flex\">\n<div class=\"wp-block-column is-vertically-aligned-top is-layout-flow wp-block-column-is-layout-flow\">\n<figure class=\"wp-block-image size-large is-style-rounded\"><img loading=\"lazy\" decoding=\"async\" width=\"1024\" height=\"533\" src=\"https:\/\/www.archimage3d.com\/wp-content\/uploads\/2023\/03\/Salon_SaM-1024x533.png\" alt=\"\" class=\"wp-image-63\" srcset=\"https:\/\/www.archimage3d.com\/wp-content\/uploads\/2023\/03\/Salon_SaM-1024x533.png 1024w, https:\/\/www.archimage3d.com\/wp-content\/uploads\/2023\/03\/Salon_SaM-300x156.png 300w, https:\/\/www.archimage3d.com\/wp-content\/uploads\/2023\/03\/Salon_SaM-768x400.png 768w, https:\/\/www.archimage3d.com\/wp-content\/uploads\/2023\/03\/Salon_SaM-1536x800.png 1536w, https:\/\/www.archimage3d.com\/wp-content\/uploads\/2023\/03\/Salon_SaM-2048x1067.png 2048w, https:\/\/www.archimage3d.com\/wp-content\/uploads\/2023\/03\/Salon_SaM-2000x1042.png 2000w\" sizes=\"auto, (max-width: 1024px) 100vw, 1024px\" \/><\/figure>\n\n\n\n<p class=\"has-text-align-center has-black-color has-text-color has-medium-font-size\">Pour qui<\/p>\n\n\n\n<p class=\"has-text-align-center has-black-color has-text-color\">Architectes<br>Collectivit\u00e9s<br>Promoteurs Immobilier<br>Studios de d\u00e9veloppement.<\/p>\n<\/div>\n\n\n\n<div class=\"wp-block-column is-vertically-aligned-top is-layout-flow wp-block-column-is-layout-flow\">\n<figure class=\"wp-block-image size-large is-style-rounded\"><img loading=\"lazy\" decoding=\"async\" width=\"1024\" height=\"512\" src=\"https:\/\/www.archimage3d.com\/wp-content\/uploads\/2023\/03\/Salon_soir-1-1024x512.png\" alt=\"\" class=\"wp-image-61\" srcset=\"https:\/\/www.archimage3d.com\/wp-content\/uploads\/2023\/03\/Salon_soir-1-1024x512.png 1024w, https:\/\/www.archimage3d.com\/wp-content\/uploads\/2023\/03\/Salon_soir-1-300x150.png 300w, https:\/\/www.archimage3d.com\/wp-content\/uploads\/2023\/03\/Salon_soir-1-768x384.png 768w, https:\/\/www.archimage3d.com\/wp-content\/uploads\/2023\/03\/Salon_soir-1-1536x768.png 1536w, https:\/\/www.archimage3d.com\/wp-content\/uploads\/2023\/03\/Salon_soir-1-2048x1024.png 2048w, https:\/\/www.archimage3d.com\/wp-content\/uploads\/2023\/03\/Salon_soir-1-2000x1000.png 2000w\" sizes=\"auto, (max-width: 1024px) 100vw, 1024px\" \/><\/figure>\n\n\n\n<p class=\"has-text-align-center has-black-color has-text-color has-medium-font-size\">Comment<\/p>\n\n\n\n<p class=\"has-black-color has-text-color\">Vous pouvez me solliciter par mail ou t\u00e9l\u00e9phone pour d\u00e9crire le projet que vous voulez r\u00e9aliser et les pi\u00e8ces dont vous disposez (plans, photos, m\u00e9tr\u00e9s \u2026).<\/p>\n<\/div>\n<\/div>\n\n\n\n\n\n<div style=\"height:40px\" aria-hidden=\"true\" class=\"wp-block-spacer\"><\/div>\n\n\n\n<h3 class=\"wp-block-heading has-large-font-size\" id=\"inspiro-is-a-digital-product-agency-that-focuses-on-strategy-and-desig\" style=\"font-weight:300\">Film<\/h3>\n\n\n\n<figure class=\"wp-block-embed aligncenter is-type-video is-provider-vimeo wp-block-embed-vimeo\"><div class=\"wp-block-embed__wrapper\">\n<iframe loading=\"lazy\" title=\"Archimage 3D - Sackett Hill\" src=\"https:\/\/player.vimeo.com\/video\/434085196?h=bd26742fb9&amp;dnt=1&amp;app_id=122963\" width=\"950\" height=\"380\" frameborder=\"0\" allow=\"autoplay; fullscreen; picture-in-picture\" allowfullscreen><\/iframe>\n<\/div><\/figure>\n\n\n\n<h3 class=\"wp-block-heading has-large-font-size\" id=\"inspiro-is-a-digital-product-agency-that-focuses-on-strategy-and-desig\" style=\"font-weight:300\">Projet interactif<\/h3>\n\n\n\n<figure class=\"wp-block-embed is-type-video is-provider-vimeo wp-block-embed-vimeo wp-embed-aspect-16-9 wp-has-aspect-ratio\"><div class=\"wp-block-embed__wrapper\">\n<iframe loading=\"lazy\" title=\"Archimage 3D - Outil de Pr&amp;eacute;sentation\" src=\"https:\/\/player.vimeo.com\/video\/749199700?h=7a0ba4c77e&amp;dnt=1&amp;app_id=122963\" width=\"950\" height=\"534\" frameborder=\"0\" allow=\"autoplay; fullscreen; picture-in-picture\" allowfullscreen><\/iframe>\n<\/div><\/figure>\n\n\n\n<div style=\"height:100px\" aria-hidden=\"true\" class=\"wp-block-spacer\"><\/div>\n\n\n\n<div class=\"wp-block-cover alignfull is-light has-parallax\" style=\"padding-top:50px;padding-right:50px;padding-bottom:50px;padding-left:50px;min-height:320px;aspect-ratio:unset;\"><span aria-hidden=\"true\" class=\"wp-block-cover__background has-black-background-color has-background-dim\"><\/span><div class=\"wp-block-cover__image-background wp-image-65 has-parallax\" style=\"background-position:50% 50%;background-image:url(https:\/\/www.archimage3d.com\/wp-content\/uploads\/2023\/03\/Entree_globale_ete.png)\"><\/div><div class=\"wp-block-cover__inner-container is-layout-flow wp-block-cover-is-layout-flow\">\n<div class=\"wp-block-columns are-vertically-aligned-center is-layout-flex wp-container-core-columns-is-layout-28f84493 wp-block-columns-is-layout-flex\">\n<div class=\"wp-block-column is-vertically-aligned-center is-layout-flow wp-block-column-is-layout-flow\" style=\"padding-top:20px;padding-right:0px;padding-bottom:20px;padding-left:0px\"><\/div>\n<\/div>\n<\/div><\/div>\n\n\n\n<div style=\"height:10px\" aria-hidden=\"true\" class=\"wp-block-spacer\"><\/div>\n\n\n\n<div class=\"wp-block-cover alignfull is-light has-parallax\" style=\"padding-top:50px;padding-right:50px;padding-bottom:50px;padding-left:50px;min-height:320px;aspect-ratio:unset;\"><span aria-hidden=\"true\" class=\"wp-block-cover__background has-black-background-color has-background-dim\"><\/span><div class=\"wp-block-cover__image-background wp-image-64 has-parallax\" style=\"background-position:50% 50%;background-image:url(https:\/\/www.archimage3d.com\/wp-content\/uploads\/2023\/03\/Entree_globale_automne-1.png)\"><\/div><div class=\"wp-block-cover__inner-container is-layout-flow wp-block-cover-is-layout-flow\">\n<div class=\"wp-block-columns are-vertically-aligned-center is-layout-flex wp-container-core-columns-is-layout-28f84493 wp-block-columns-is-layout-flex\">\n<div class=\"wp-block-column is-layout-flow wp-block-column-is-layout-flow\"><\/div>\n<\/div>\n<\/div><\/div>\n\n\n\n<div style=\"height:10px\" aria-hidden=\"true\" class=\"wp-block-spacer\"><\/div>\n\n\n\n<div class=\"wp-block-cover alignfull is-light has-parallax\" style=\"padding-top:50px;padding-right:50px;padding-bottom:50px;padding-left:50px;min-height:320px;aspect-ratio:unset;\"><span aria-hidden=\"true\" class=\"wp-block-cover__background has-black-background-color has-background-dim\"><\/span><div class=\"wp-block-cover__image-background wp-image-66 has-parallax\" style=\"background-position:50% 50%;background-image:url(https:\/\/www.archimage3d.com\/wp-content\/uploads\/2023\/03\/Entree_globale_hiver.png)\"><\/div><div class=\"wp-block-cover__inner-container is-layout-flow wp-block-cover-is-layout-flow\">\n<div class=\"wp-block-columns are-vertically-aligned-center is-layout-flex wp-container-core-columns-is-layout-28f84493 wp-block-columns-is-layout-flex\">\n<div class=\"wp-block-column is-layout-flow wp-block-column-is-layout-flow\"><\/div>\n<\/div>\n<\/div><\/div>\n\n\n\n<div style=\"height:10px\" aria-hidden=\"true\" class=\"wp-block-spacer\"><\/div>\n","protected":false},"excerpt":{"rendered":"<p>Tout est disponible pour satisfaire chaque client. Services Que ce soit pour des images ou des pr\u00e9sentations interactives en passant par la r\u00e9alit\u00e9 virtuelle. Toute la panoplie de mediums est disponible pour satisfaire chaque client. Possibilit\u00e9 d&rsquo;explorer en VR votre projet avec les Casques comme le HTC Vive. Les sc\u00e8nes hors VR peuvent \u00eatre parcourues &hellip; <\/p>\n<p class=\"link-more\"><a href=\"https:\/\/www.archimage3d.com\/index.php\/about\/\" class=\"more-link\">Lire la suite de<span class=\"screen-reader-text\">\u00ab\u00a0D\u00e9tails\u00a0\u00bb<\/span><\/a><\/p>\n","protected":false},"author":1,"featured_media":33,"parent":0,"menu_order":0,"comment_status":"closed","ping_status":"closed","template":"","meta":{"footnotes":""},"class_list":["post-7","page","type-page","status-publish","has-post-thumbnail","hentry"],"_links":{"self":[{"href":"https:\/\/www.archimage3d.com\/index.php\/wp-json\/wp\/v2\/pages\/7","targetHints":{"allow":["GET"]}}],"collection":[{"href":"https:\/\/www.archimage3d.com\/index.php\/wp-json\/wp\/v2\/pages"}],"about":[{"href":"https:\/\/www.archimage3d.com\/index.php\/wp-json\/wp\/v2\/types\/page"}],"author":[{"embeddable":true,"href":"https:\/\/www.archimage3d.com\/index.php\/wp-json\/wp\/v2\/users\/1"}],"replies":[{"embeddable":true,"href":"https:\/\/www.archimage3d.com\/index.php\/wp-json\/wp\/v2\/comments?post=7"}],"version-history":[{"count":61,"href":"https:\/\/www.archimage3d.com\/index.php\/wp-json\/wp\/v2\/pages\/7\/revisions"}],"predecessor-version":[{"id":164,"href":"https:\/\/www.archimage3d.com\/index.php\/wp-json\/wp\/v2\/pages\/7\/revisions\/164"}],"wp:featuredmedia":[{"embeddable":true,"href":"https:\/\/www.archimage3d.com\/index.php\/wp-json\/wp\/v2\/media\/33"}],"wp:attachment":[{"href":"https:\/\/www.archimage3d.com\/index.php\/wp-json\/wp\/v2\/media?parent=7"}],"curies":[{"name":"wp","href":"https:\/\/api.w.org\/{rel}","templated":true}]}}